{"id":246,"date":"2022-03-27T19:26:09","date_gmt":"2022-03-27T22:26:09","guid":{"rendered":"https:\/\/ecoborr.com.br\/?page_id=246"},"modified":"2022-03-27T19:35:08","modified_gmt":"2022-03-27T22:35:08","slug":"preocupacao-com-o-meio-ambiente","status":"publish","type":"page","link":"https:\/\/ecoborr.com.br\/?page_id=246","title":{"rendered":"Preocupa\u00e7\u00e3o com o meio ambiente."},"content":{"rendered":"\n<h1 class=\"wp-block-heading\" id=\"sustentabilidade\"><strong><em><mark style=\"background-color:rgba(0, 0, 0, 0)\" class=\"has-inline-color has-vivid-green-cyan-color\">Sustentabilidade<\/mark><\/em><\/strong><\/h1>\n\n\n\n<figure class=\"wp-block-gallery has-nested-images columns-default is-cropped wp-block-gallery-1 is-layout-flex wp-block-gallery-is-layout-flex\">\n<figure class=\"wp-block-image size-large\"><img loading=\"lazy\" decoding=\"async\" width=\"824\" height=\"560\" data-id=\"248\" src=\"https:\/\/ecoborr.com.br\/wp-content\/uploads\/2022\/03\/pneus-824x560.jpg\" alt=\"\" class=\"wp-image-248\" srcset=\"https:\/\/ecoborr.com.br\/wp-content\/uploads\/2022\/03\/pneus.jpg 824w, https:\/\/ecoborr.com.br\/wp-content\/uploads\/2022\/03\/pneus-768x521.jpg 768w\" sizes=\"auto, (max-width: 824px) 100vw, 824px\" \/><\/figure>\n\n\n\n<figure class=\"wp-block-image size-large\"><img loading=\"lazy\" decoding=\"async\" width=\"600\" height=\"452\" data-id=\"249\" src=\"https:\/\/ecoborr.com.br\/wp-content\/uploads\/2022\/03\/Pneus_danos_ambientais-600x452.jpg\" alt=\"\" class=\"wp-image-249\"\/><\/figure>\n\n\n\n<figure class=\"wp-block-image size-large\"><img loading=\"lazy\" decoding=\"async\" width=\"550\" height=\"380\" data-id=\"250\" src=\"https:\/\/ecoborr.com.br\/wp-content\/uploads\/2022\/03\/pneus1-550x380.jpg\" alt=\"\" class=\"wp-image-250\"\/><\/figure>\n<\/figure>\n\n\n\n<p>Somos uma empresa que \u00e9 seriamente comprometida com o bem-estar das pessoas e da natureza. Desde o in\u00edcio preocupada com o meio ambiente, todo o nosso processo de fabrica\u00e7\u00e3o al\u00e9m de n\u00e3o agredir, tomamos um grande cuidado com o nosso refugo sendo sustent\u00e1veis, n\u00e3o descartando em aterros e sim repassando para empresas parceiras que utilizam como mat\u00e9ria-prima para seus produtos. Como por exemplo, empresas de asfalto ecol\u00f3gicos que fora o benef\u00edcio para o meio ambiente, aumentam em at\u00e9 20 anos a durabilidade do asfalto.<\/p>\n\n\n\n<figure class=\"wp-block-embed is-type-video is-provider-youtube wp-block-embed-youtube wp-embed-aspect-4-3 wp-has-aspect-ratio\"><div class=\"wp-block-embed__wrapper\">\n<iframe loading=\"lazy\" title=\"Log\u00edstica Reversa - Asfalto Borracha - Asfalto Eco\" width=\"800\" height=\"600\" src=\"https:\/\/www.youtube.com\/embed\/4LyoPDjfgJ4?feature=oembed\" frameborder=\"0\" allow=\"accelerometer; autoplay; clipboard-write; encrypted-media; gyroscope; picture-in-picture\" allowfullscreen><\/iframe>\n<\/div><\/figure>\n","protected":false},"excerpt":{"rendered":"<p>Sustentabilidade Somos uma empresa que \u00e9 seriamente comprometida com o bem-estar das pessoas e da natureza. Desde o in\u00edcio preocupada com o meio ambiente, todo o nosso processo de fabrica\u00e7\u00e3o al\u00e9m de n\u00e3o agredir, tomamos um grande cuidado com o nosso refugo sendo sustent\u00e1veis, n\u00e3o descartando em aterros e sim repassando para empresas parceiras que utilizam como mat\u00e9ria-prima para seus produtos. Como por exemplo, empresas de asfalto ecol\u00f3gicos que fora o benef\u00edcio para o meio ambiente, aumentam em at\u00e9 20 anos a durabilidade do asfalto.<\/p>\n","protected":false},"author":1,"featured_media":247,"parent":0,"menu_order":0,"comment_status":"closed","ping_status":"closed","template":"","meta":{"ngg_post_thumbnail":0,"footnotes":""},"class_list":["post-246","page","type-page","status-publish","has-post-thumbnail"],"_links":{"self":[{"href":"https:\/\/ecoborr.com.br\/index.php?rest_route=\/wp\/v2\/pages\/246","targetHints":{"allow":["GET"]}}],"collection":[{"href":"https:\/\/ecoborr.com.br\/index.php?rest_route=\/wp\/v2\/pages"}],"about":[{"href":"https:\/\/ecoborr.com.br\/index.php?rest_route=\/wp\/v2\/types\/page"}],"author":[{"embeddable":true,"href":"https:\/\/ecoborr.com.br\/index.php?rest_route=\/wp\/v2\/users\/1"}],"replies":[{"embeddable":true,"href":"https:\/\/ecoborr.com.br\/index.php?rest_route=%2Fwp%2Fv2%2Fcomments&post=246"}],"version-history":[{"count":2,"href":"https:\/\/ecoborr.com.br\/index.php?rest_route=\/wp\/v2\/pages\/246\/revisions"}],"predecessor-version":[{"id":255,"href":"https:\/\/ecoborr.com.br\/index.php?rest_route=\/wp\/v2\/pages\/246\/revisions\/255"}],"wp:featuredmedia":[{"embeddable":true,"href":"https:\/\/ecoborr.com.br\/index.php?rest_route=\/wp\/v2\/media\/247"}],"wp:attachment":[{"href":"https:\/\/ecoborr.com.br\/index.php?rest_route=%2Fwp%2Fv2%2Fmedia&parent=246"}],"curies":[{"name":"wp","href":"https:\/\/api.w.org\/{rel}","templated":true}]}}