{"id":2,"date":"2021-09-26T19:27:12","date_gmt":"2021-09-26T22:27:12","guid":{"rendered":"http:\/\/ecoborr.com.br\/?page_id=2"},"modified":"2022-04-14T13:14:00","modified_gmt":"2022-04-14T16:14:00","slug":"pagina-exemplo","status":"publish","type":"page","link":"https:\/\/ecoborr.com.br\/","title":{"rendered":"Protetores de C\u00e2maras de Ar"},"content":{"rendered":"\n<div class=\"wp-block-columns is-layout-flex wp-container-core-columns-is-layout-9d6595d7 wp-block-columns-is-layout-flex\">\n<div class=\"wp-block-column is-layout-flow wp-block-column-is-layout-flow\" style=\"flex-basis:100%\">\n<figure class=\"wp-block-gallery has-nested-images columns-default is-cropped wp-block-gallery-1 is-layout-flex wp-block-gallery-is-layout-flex\">\n<figure class=\"wp-block-image size-full\"><img loading=\"lazy\" decoding=\"async\" width=\"1920\" height=\"1080\" data-id=\"280\" src=\"https:\/\/ecoborr.com.br\/wp-content\/uploads\/2022\/04\/protetor-004a-2.png\" alt=\"\" class=\"wp-image-280\" srcset=\"https:\/\/ecoborr.com.br\/wp-content\/uploads\/2022\/04\/protetor-004a-2.png 1920w, https:\/\/ecoborr.com.br\/wp-content\/uploads\/2022\/04\/protetor-004a-2-768x432.png 768w\" sizes=\"auto, (max-width: 1920px) 100vw, 1920px\" \/><\/figure>\n\n\n\n<figure class=\"wp-block-image size-full\"><img loading=\"lazy\" decoding=\"async\" width=\"1679\" height=\"1080\" data-id=\"283\" src=\"https:\/\/ecoborr.com.br\/wp-content\/uploads\/2022\/04\/protetor-003a-2.png\" alt=\"\" class=\"wp-image-283\" srcset=\"https:\/\/ecoborr.com.br\/wp-content\/uploads\/2022\/04\/protetor-003a-2.png 1679w, https:\/\/ecoborr.com.br\/wp-content\/uploads\/2022\/04\/protetor-003a-2-768x494.png 768w\" sizes=\"auto, (max-width: 1679px) 100vw, 1679px\" \/><\/figure>\n\n\n\n<figure class=\"wp-block-image size-full\"><img loading=\"lazy\" decoding=\"async\" width=\"1920\" height=\"1080\" data-id=\"284\" src=\"https:\/\/ecoborr.com.br\/wp-content\/uploads\/2022\/04\/protetor-001a-3.png\" alt=\"\" class=\"wp-image-284\" srcset=\"https:\/\/ecoborr.com.br\/wp-content\/uploads\/2022\/04\/protetor-001a-3.png 1920w, https:\/\/ecoborr.com.br\/wp-content\/uploads\/2022\/04\/protetor-001a-3-768x432.png 768w\" sizes=\"auto, (max-width: 1920px) 100vw, 1920px\" \/><\/figure>\n<\/figure>\n<\/div>\n<\/div>\n\n\n\n<p class=\"has-text-align-center\"><strong><em><mark style=\"background-color:rgba(0, 0, 0, 0)\" class=\"has-inline-color has-vivid-green-cyan-color\">Empresa especializada na fabrica\u00e7\u00e3o de protetores de c\u00e2maras de ar.<\/mark><\/em><\/strong><br><br>Desde o in\u00edcio preocupada com o meio ambiente, todo o nosso processo de fabrica\u00e7\u00e3o al\u00e9m de n\u00e3o agredir, tomamos um grande cuidado com nosso refugo sendo sustent\u00e1veis, n\u00e3o descartando em aterros e sim repassando para empresas parceiras que utilizam como mat\u00e9ria-prima para os seus produtos.<br>Como por exemplo, empresas de asfalto ecol\u00f3gicos que fora o benef\u00edcio para o meio ambiente, aumentam em at\u00e9 20 anos a durabilidade do asfalto.<\/p>\n\n\n\n<figure class=\"wp-block-image size-full\"><img loading=\"lazy\" decoding=\"async\" width=\"945\" height=\"268\" src=\"http:\/\/ecoborr.com.br\/wp-content\/uploads\/2021\/09\/logoEcoborr.png\" alt=\"\" class=\"wp-image-17\" srcset=\"https:\/\/ecoborr.com.br\/wp-content\/uploads\/2021\/09\/logoEcoborr.png 945w, https:\/\/ecoborr.com.br\/wp-content\/uploads\/2021\/09\/logoEcoborr-300x85.png 300w, https:\/\/ecoborr.com.br\/wp-content\/uploads\/2021\/09\/logoEcoborr-768x218.png 768w\" sizes=\"auto, (max-width: 945px) 100vw, 945px\" \/><\/figure>\n\n\n\n<p class=\"has-text-align-center\"><strong><em><mark style=\"background-color:rgba(0, 0, 0, 0)\" class=\"has-inline-color has-vivid-green-cyan-color\">Veja o que nossos clientes falam sobre a empresa:<\/mark><\/em><\/strong><\/p>\n\n\n\n<blockquote class=\"wp-block-quote is-layout-flow wp-block-quote-is-layout-flow\"><p><a href=\"https:\/\/goo.gl\/maps\/2AaZBrCRTzbSrmqU9\">Excelente atendimento, mercadoria de qualidade e pre\u00e7o justo sou cliente h\u00e1 mais 3 anos e estou muito satisfeito com as negocia\u00e7\u00f5es de cada compra que realizo, parab\u00e9ns a toda equipe pelo atendimento prestado e por me atender com presteza para alavancar meus neg\u00f3cios respeitando prazo de entrega! Obrigado pelo comprometimento! Sucesso.<\/a><\/p><\/blockquote>\n\n\n\n<p class=\"has-text-align-center\"><strong><em><mark style=\"background-color:rgba(0, 0, 0, 0)\" class=\"has-inline-color has-vivid-green-cyan-color\">Venha nos visitar!<\/mark><\/em><\/strong><\/p>\n\n\n\n<figure class=\"wp-block-gallery aligncenter has-nested-images columns-default is-cropped wp-block-gallery-2 is-layout-flex wp-block-gallery-is-layout-flex\">\n<figure class=\"wp-block-image size-full\"><a href=\"https:\/\/goo.gl\/maps\/BkLoWEhAGRkbgEPE8\"><img loading=\"lazy\" decoding=\"async\" width=\"1030\" height=\"496\" data-id=\"237\" src=\"https:\/\/ecoborr.com.br\/wp-content\/uploads\/2022\/03\/localizacao.png\" alt=\"\" class=\"wp-image-237\" srcset=\"https:\/\/ecoborr.com.br\/wp-content\/uploads\/2022\/03\/localizacao.png 1030w, https:\/\/ecoborr.com.br\/wp-content\/uploads\/2022\/03\/localizacao-768x369.png 768w\" sizes=\"auto, (max-width: 1030px) 100vw, 1030px\" \/><\/a><\/figure>\n<\/figure>\n","protected":false},"excerpt":{"rendered":"<p>Empresa especializada na fabrica\u00e7\u00e3o de protetores de c\u00e2maras de ar. Desde o in\u00edcio preocupada com o meio ambiente, todo o nosso processo de fabrica\u00e7\u00e3o al\u00e9m de n\u00e3o agredir, tomamos um grande cuidado com nosso refugo sendo sustent\u00e1veis, n\u00e3o descartando em aterros e sim repassando para empresas parceiras que utilizam como mat\u00e9ria-prima para os seus produtos.Como por exemplo, empresas de asfalto ecol\u00f3gicos que fora o benef\u00edcio para o meio ambiente, aumentam em at\u00e9 20 anos a durabilidade do asfalto. Veja o que nossos clientes falam sobre a empresa: Excelente atendimento, mercadoria de qualidade e pre\u00e7o justo sou cliente h\u00e1 mais 3 anos e estou muito satisfeito com as negocia\u00e7\u00f5es de cada compra que realizo, parab\u00e9ns a toda equipe pelo atendimento prestado e por me atender com presteza para alavancar meus neg\u00f3cios respeitando prazo de entrega! Obrigado pelo comprometimento! Sucesso. Venha nos visitar!<\/p>\n","protected":false},"author":1,"featured_media":204,"parent":0,"menu_order":0,"comment_status":"closed","ping_status":"open","template":"","meta":{"ngg_post_thumbnail":0,"footnotes":""},"class_list":["post-2","page","type-page","status-publish","has-post-thumbnail"],"_links":{"self":[{"href":"https:\/\/ecoborr.com.br\/index.php?rest_route=\/wp\/v2\/pages\/2","targetHints":{"allow":["GET"]}}],"collection":[{"href":"https:\/\/ecoborr.com.br\/index.php?rest_route=\/wp\/v2\/pages"}],"about":[{"href":"https:\/\/ecoborr.com.br\/index.php?rest_route=\/wp\/v2\/types\/page"}],"author":[{"embeddable":true,"href":"https:\/\/ecoborr.com.br\/index.php?rest_route=\/wp\/v2\/users\/1"}],"replies":[{"embeddable":true,"href":"https:\/\/ecoborr.com.br\/index.php?rest_route=%2Fwp%2Fv2%2Fcomments&post=2"}],"version-history":[{"count":12,"href":"https:\/\/ecoborr.com.br\/index.php?rest_route=\/wp\/v2\/pages\/2\/revisions"}],"predecessor-version":[{"id":287,"href":"https:\/\/ecoborr.com.br\/index.php?rest_route=\/wp\/v2\/pages\/2\/revisions\/287"}],"wp:featuredmedia":[{"embeddable":true,"href":"https:\/\/ecoborr.com.br\/index.php?rest_route=\/wp\/v2\/media\/204"}],"wp:attachment":[{"href":"https:\/\/ecoborr.com.br\/index.php?rest_route=%2Fwp%2Fv2%2Fmedia&parent=2"}],"curies":[{"name":"wp","href":"https:\/\/api.w.org\/{rel}","templated":true}]}}